{"id":8856,"date":"2021-11-04T17:32:42","date_gmt":"2021-11-04T17:32:42","guid":{"rendered":"http:\/\/dummy.xtemos.com\/woodmart2\/elementor\/?page_id=8856"},"modified":"2025-10-22T20:44:13","modified_gmt":"2025-10-22T18:44:13","slug":"maintenance","status":"publish","type":"page","link":"https:\/\/szkolenia.suur.pl\/index.php\/maintenance\/","title":{"rendered":"Maintenance"},"content":{"rendered":"\t\t<div data-elementor-type=\"wp-page\" data-elementor-id=\"8856\" class=\"elementor elementor-8856\">\n\t\t\t\t<div class=\"wd-negative-gap elementor-element elementor-element-89f6d8a wd-section-stretch-content e-flex e-con-boxed e-con e-parent\" data-id=\"89f6d8a\" data-element_type=\"container\" data-e-type=\"container\">\n\t\t\t\t\t<div class=\"e-con-inner\">\n\t\t<div class=\"elementor-element elementor-element-a8278fe color-scheme-light e-con-full e-flex e-con e-child\" data-id=\"a8278fe\" data-element_type=\"container\" data-e-type=\"container\" data-settings=\"{&quot;background_background&quot;:&quot;classic&quot;}\">\n\t\t\t\t<div class=\"elementor-element elementor-element-4b6dfed wd-width-100 elementor-widget elementor-widget-wd_title\" data-id=\"4b6dfed\" data-element_type=\"widget\" data-e-type=\"widget\" data-widget_type=\"wd_title.default\">\n\t\t\t\t<div class=\"elementor-widget-container\">\n\t\t\t\t\t\t\t<div class=\"title-wrapper wd-set-mb reset-last-child wd-title-color-primary wd-title-style-default wd-title-size-default text-center\">\n\n\t\t\t\t\t\t\t\t\t\t\t<div class=\"title-subtitle subtitle-color-primary subtitle-style-default wd-fontsize-xs\">\n\t\t\t\t\tBRAND NEW STORE\t\t\t\t<\/div>\n\t\t\t\n\t\t\t<div class=\"liner-continer\">\n\t\t\t\t<h4 class=\"woodmart-title-container title wd-fontsize-l\">COMING SOON<\/h4> \n\t\t\t\t\t\t\t<\/div>\n\n\t\t\t\t\t\t\t<div class=\"title-after_title reset-last-child wd-fontsize-xs\">\n\t\t\t\t\t<p>A lorem in hend rerit nam a et cursus eu conse ctetur adipiscing vesti bulum eu a mollis ut conubia eget.<\/p>\t\t\t\t<\/div>\n\t\t\t\t\t<\/div>\n\t\t\t\t\t\t<\/div>\n\t\t\t\t<\/div>\n\t\t\t\t<div class=\"elementor-element elementor-element-50c827c elementor-widget elementor-widget-wd_popup\" data-id=\"50c827c\" data-element_type=\"widget\" data-e-type=\"widget\" data-widget_type=\"wd_popup.default\">\n\t\t\t\t<div class=\"elementor-widget-container\">\n\t\t\t\t\t\t\t\t\t<div class=\"wd-button-wrapper text-center\" >\n\t\t\t<a class=\"btn btn-style-default btn-shape-rectangle btn-size-extra-large wd-open-popup btn-color-primary btn-icon-pos-right\"  href=\"#contact-form-popup\">\n\t\t\t\t<span class=\"wd-btn-text\" data-elementor-setting-key=\"text\">\n\t\t\t\t\tCONTACT US\t\t\t\t<\/span>\n\n\t\t\t\t\t\t\t<\/a>\n\t\t<\/div>\n\t\t\t\t\t\t\t<div id=\"contact-form-popup\" class=\"mfp-hide wd-popup wd-popup-element wd-scroll-content wd-entry-content\" style=\"--wd-popup-width:900px;padding:0px;\">\n\t\t\t\t\t\t\t<link rel=\"stylesheet\" id=\"elementor-post-1570-css\" href=\"https:\/\/szkolenia.suur.pl\/wp-content\/uploads\/elementor\/css\/post-1570.css?ver=1776383118\" type=\"text\/css\" media=\"all\">\n\t\t\t\t\t<div data-elementor-type=\"wp-post\" data-elementor-id=\"1570\" class=\"elementor elementor-1570\">\n\t\t\t\t<div class=\"wd-negative-gap elementor-element elementor-element-f25d21b e-flex e-con-boxed e-con e-parent\" data-id=\"f25d21b\" data-element_type=\"container\" data-e-type=\"container\">\n\t\t\t\t\t<div class=\"e-con-inner\">\n\t\t<div class=\"elementor-element elementor-element-4438063 e-con-full e-flex e-con e-child\" data-id=\"4438063\" data-element_type=\"container\" data-e-type=\"container\">\n\t\t\t\t<div class=\"elementor-element elementor-element-1d71615 wd-width-100 elementor-widget elementor-widget-wd_title\" data-id=\"1d71615\" data-element_type=\"widget\" data-e-type=\"widget\" data-widget_type=\"wd_title.default\">\n\t\t\t\t<div class=\"elementor-widget-container\">\n\t\t\t\t\t\t\t<div class=\"title-wrapper wd-set-mb reset-last-child wd-title-color-default wd-title-style-default wd-title-size-small text-left\">\n\n\t\t\t\n\t\t\t<div class=\"liner-continer\">\n\t\t\t\t<h4 class=\"woodmart-title-container title wd-fontsize-m\">SEND US A MESSAGE<\/h4> \n\t\t\t\t\t\t\t<\/div>\n\n\t\t\t\t\t<\/div>\n\t\t\t\t\t\t<\/div>\n\t\t\t\t<\/div>\n\t\t\t\t<div class=\"elementor-element elementor-element-cdccc72 wd-cf7 elementor-widget elementor-widget-wd_contact_form_7\" data-id=\"cdccc72\" data-element_type=\"widget\" data-e-type=\"widget\" data-widget_type=\"wd_contact_form_7.default\">\n\t\t\t\t<div class=\"elementor-widget-container\">\n\t\t\t\t\t\n<div class=\"wpcf7 no-js\" id=\"wpcf7-f1572-o1\" lang=\"en-US\" dir=\"ltr\" data-wpcf7-id=\"1572\">\n<div class=\"screen-reader-response\"><p role=\"status\" aria-live=\"polite\" aria-atomic=\"true\"><\/p> <ul><\/ul><\/div>\n<form action=\"\/index.php\/wp-json\/wp\/v2\/pages\/8856#wpcf7-f1572-o1\" method=\"post\" class=\"wpcf7-form init\" aria-label=\"Contact form\" novalidate=\"novalidate\" data-status=\"init\">\n<fieldset class=\"hidden-fields-container\"><input type=\"hidden\" name=\"_wpcf7\" value=\"1572\" \/><input type=\"hidden\" name=\"_wpcf7_version\" value=\"6.1.5\" \/><input type=\"hidden\" name=\"_wpcf7_locale\" value=\"en_US\" \/><input type=\"hidden\" name=\"_wpcf7_unit_tag\" value=\"wpcf7-f1572-o1\" \/><input type=\"hidden\" name=\"_wpcf7_container_post\" value=\"0\" \/><input type=\"hidden\" name=\"_wpcf7_posted_data_hash\" value=\"\" \/>\n<\/fieldset>\n<div class=\"wd-grid-g\">\n\t<div class=\"wd-grid-f-stretch\">\n\t\t<div class=\"wd-col\">\n\t\t\t<p><label>Your Name<\/label><span class=\"wpcf7-form-control-wrap\" data-name=\"your-name\"><input size=\"40\" maxlength=\"400\" class=\"wpcf7-form-control wpcf7-text wpcf7-validates-as-required\" aria-required=\"true\" aria-invalid=\"false\" value=\"\" type=\"text\" name=\"your-name\" \/><\/span>\n\t\t\t<\/p>\n\t\t<\/div>\n\t\t<div class=\"wd-col\">\n\t\t\t<p><label>Your Email<\/label><span class=\"wpcf7-form-control-wrap\" data-name=\"your-email\"><input size=\"40\" maxlength=\"400\" class=\"wpcf7-form-control wpcf7-email wpcf7-validates-as-required wpcf7-text wpcf7-validates-as-email\" aria-required=\"true\" aria-invalid=\"false\" value=\"\" type=\"email\" name=\"your-email\" \/><\/span>\n\t\t\t<\/p>\n\t\t<\/div>\n\t<\/div>\n\t<div class=\"wd-grid-f-stretch\">\n\t\t<div class=\"wd-col\">\n\t\t\t<p><label>Phone Number<\/label><span class=\"wpcf7-form-control-wrap\" data-name=\"tel-767\"><input size=\"40\" maxlength=\"400\" class=\"wpcf7-form-control wpcf7-tel wpcf7-text wpcf7-validates-as-tel\" aria-invalid=\"false\" value=\"\" type=\"tel\" name=\"tel-767\" \/><\/span>\n\t\t\t<\/p>\n\t\t<\/div>\n\t\t<div class=\"wd-col\">\n\t\t\t<p><label>Company<\/label><span class=\"wpcf7-form-control-wrap\" data-name=\"text-1\"><input size=\"40\" maxlength=\"400\" class=\"wpcf7-form-control wpcf7-text\" aria-invalid=\"false\" value=\"\" type=\"text\" name=\"text-1\" \/><\/span>\n\t\t\t<\/p>\n\t\t<\/div>\n\t<\/div>\n\t<div>\n\t\t<p><label>Your Message<\/label><span class=\"wpcf7-form-control-wrap\" data-name=\"your-message\"><textarea cols=\"40\" rows=\"10\" maxlength=\"2000\" class=\"wpcf7-form-control wpcf7-textarea\" aria-invalid=\"false\" name=\"your-message\"><\/textarea><\/span>\n\t\t<\/p>\n\t<\/div>\n\t<div>\n\t\t<p><input class=\"wpcf7-form-control wpcf7-submit has-spinner btn-color-black\" type=\"submit\" value=\"ASK A QUESTION\" \/>\n\t\t<\/p>\n\t<\/div>\n<\/div><div class=\"wpcf7-response-output\" aria-hidden=\"true\"><\/div>\n<\/form>\n<\/div>\n\t\t\t\t<\/div>\n\t\t\t\t<\/div>\n\t\t\t\t<\/div>\n\t\t<div class=\"elementor-element elementor-element-702dc34 color-scheme-light e-con-full e-flex e-con e-child\" data-id=\"702dc34\" data-element_type=\"container\" data-e-type=\"container\" data-settings=\"{&quot;background_background&quot;:&quot;classic&quot;}\">\n\t\t\t\t<div class=\"elementor-element elementor-element-8346027 wd-width-100 elementor-widget elementor-widget-wd_title\" data-id=\"8346027\" data-element_type=\"widget\" data-e-type=\"widget\" data-widget_type=\"wd_title.default\">\n\t\t\t\t<div class=\"elementor-widget-container\">\n\t\t\t\t\t\t\t<div class=\"title-wrapper wd-set-mb reset-last-child wd-title-color-white wd-title-style-default wd-title-size-small text-left\">\n\n\t\t\t\n\t\t\t<div class=\"liner-continer\">\n\t\t\t\t<h4 class=\"woodmart-title-container title wd-fontsize-m\">DANE KONTAKTOWE<\/h4> \n\t\t\t\t\t\t\t<\/div>\n\n\t\t\t\t\t<\/div>\n\t\t\t\t\t\t<\/div>\n\t\t\t\t<\/div>\n\t\t\t\t<div class=\"elementor-element elementor-element-29edaba elementor-widget elementor-widget-wd_infobox\" data-id=\"29edaba\" data-element_type=\"widget\" data-e-type=\"widget\" data-widget_type=\"wd_infobox.default\">\n\t\t\t\t<div class=\"elementor-widget-container\">\n\t\t\t\t\t\t\t<div class=\"info-box-wrapper\">\n\t\t\t<div class=\"wd-info-box text-left box-icon-align-left box-style-base color-scheme- wd-items-top\">\n\t\t\t\t\t\t\t\t\t<div class=\"box-icon-wrapper  box-with-icon box-icon-simple\">\n\t\t\t\t\t\t<div class=\"info-box-icon\">\n\t\t\t\t\t\t\t\t\t\t\t\t\t\t\t<div class=\"info-svg-wrapper\" style=\"width:30px; height:30px;\"><img decoding=\"async\"  src=\"https:\/\/szkolenia.suur.pl\/wp-content\/uploads\/2021\/09\/wd-mobile.svg\" title=\"wd-mobile\" loading=\"lazy\" width=\"30\" height=\"30\"><\/div>\t\t\t\t\t\t\t\t\t\t\t\t\t<\/div>\n\t\t\t\t\t<\/div>\n\t\t\t\t\n\t\t\t\t<div class=\"info-box-content\">\n\t\t\t\t\t\n\t\t\t\t\t\n\t\t\t\t\t<div class=\"info-box-inner reset-last-child\"data-elementor-setting-key=\"content\"><p>+48 660 705 736<\/p>\n<\/div>\n\n\t\t\t\t\t\t\t\t\t<\/div>\n\n\t\t\t\t\t\t\t\t\t<a href=\"#\" class=\"wd-info-box-link wd-fill\" aria-label=\"Link do pola informacyjnego\"><\/a>\n\t\t\t\t\t\t\t<\/div>\n\t\t<\/div>\n\t\t\t\t\t\t<\/div>\n\t\t\t\t<\/div>\n\t\t\t\t<div class=\"elementor-element elementor-element-f93fe75 elementor-widget elementor-widget-wd_infobox\" data-id=\"f93fe75\" data-element_type=\"widget\" data-e-type=\"widget\" data-widget_type=\"wd_infobox.default\">\n\t\t\t\t<div class=\"elementor-widget-container\">\n\t\t\t\t\t\t\t<div class=\"info-box-wrapper\">\n\t\t\t<div class=\"wd-info-box text-left box-icon-align-left box-style-base color-scheme- wd-items-top\">\n\t\t\t\t\t\t\t\t\t<div class=\"box-icon-wrapper  box-with-icon box-icon-simple\">\n\t\t\t\t\t\t<div class=\"info-box-icon\">\n\t\t\t\t\t\t\t\t\t\t\t\t\t\t\t<div class=\"info-svg-wrapper\" style=\"width:30px; height:30px;\"><img decoding=\"async\"  src=\"https:\/\/szkolenia.suur.pl\/wp-content\/uploads\/2021\/09\/wd-paper-plane.svg\" title=\"wd-paper-plane\" loading=\"lazy\" width=\"30\" height=\"30\"><\/div>\t\t\t\t\t\t\t\t\t\t\t\t\t<\/div>\n\t\t\t\t\t<\/div>\n\t\t\t\t\n\t\t\t\t<div class=\"info-box-content\">\n\t\t\t\t\t\n\t\t\t\t\t\n\t\t\t\t\t<div class=\"info-box-inner reset-last-child\"data-elementor-setting-key=\"content\"><p>adrianna@suur.pl<\/p>\n<\/div>\n\n\t\t\t\t\t\t\t\t\t<\/div>\n\n\t\t\t\t\t\t\t\t\t<a href=\"#\" class=\"wd-info-box-link wd-fill\" aria-label=\"Link do pola informacyjnego\"><\/a>\n\t\t\t\t\t\t\t<\/div>\n\t\t<\/div>\n\t\t\t\t\t\t<\/div>\n\t\t\t\t<\/div>\n\t\t\t\t<div class=\"elementor-element elementor-element-b63ac0c color-scheme-light text-left elementor-widget elementor-widget-text-editor\" data-id=\"b63ac0c\" data-element_type=\"widget\" data-e-type=\"widget\" data-widget_type=\"text-editor.default\">\n\t\t\t\t\t\t\t\t\t<p>Masz pytania dotycz\u0105ce tego, jak mo\u017cemy pom\u00f3c Twojej firmie? Wy\u015blij nam wiadomo\u015b\u0107 e-mail, a wkr\u00f3tce si\u0119 z Tob\u0105 skontaktujemy.<\/p>\t\t\t\t\t\t\t\t<\/div>\n\t\t\t\t<div class=\"elementor-element elementor-element-8d60138 elementor-widget elementor-widget-wd_social_buttons\" data-id=\"8d60138\" data-element_type=\"widget\" data-e-type=\"widget\" data-widget_type=\"wd_social_buttons.default\">\n\t\t\t\t<div class=\"elementor-widget-container\">\n\t\t\t\t\t\t\t\t<div\n\t\t\t\t\t\tclass=\" wd-social-icons wd-style-colored wd-size-small social-follow wd-shape-circle color-scheme-dark text-left\">\n\t\t\t\t\n\t\t\t\t\n\t\t\t\t\n\t\t\t\t\n\t\t\t\t\n\t\t\t\t\n\t\t\t\t\n\t\t\t\t\n\t\t\t\t\t\t\t\t\t<a rel=\"noopener noreferrer nofollow\" href=\"https:\/\/www.youtube.com\/@adriannawardzala\" target=\"_blank\" class=\" wd-social-icon social-youtube\" aria-label=\"Link spo\u0142eczno\u015bciowy YouTube\">\n\t\t\t\t\t\t<span class=\"wd-icon\"><\/span>\n\t\t\t\t\t\t\t\t\t\t\t<\/a>\n\t\t\t\t\n\t\t\t\t\n\t\t\t\t\n\t\t\t\t\t\t\t\t\t<a rel=\"noopener noreferrer nofollow\" href=\"https:\/\/www.linkedin.com\/in\/adriannawardzala\/\" target=\"_blank\" class=\" wd-social-icon social-linkedin\" aria-label=\"Link spo\u0142eczno\u015bciowy LinkedIn\">\n\t\t\t\t\t\t<span class=\"wd-icon\"><\/span>\n\t\t\t\t\t\t\t\t\t\t\t<\/a>\n\t\t\t\t\n\t\t\t\t\n\t\t\t\t\n\t\t\t\t\n\t\t\t\t\n\t\t\t\t\n\t\t\t\t\n\t\t\t\t\n\t\t\t\t\n\t\t\t\t\n\t\t\t\t\n\t\t\t\t\n\t\t\t\t\n\t\t\t\t\n\t\t\t\t\n\t\t\t\t\n\t\t\t\t\n\t\t\t<\/div>\n\n\t\t\t\t\t\t<\/div>\n\t\t\t\t<\/div>\n\t\t\t\t<\/div>\n\t\t\t\t\t<\/div>\n\t\t\t\t<\/div>\n\t\t\t\t<\/div>\n\t\t\t\t\t<\/div>\n\t\t\t\t\t\t\t\t<\/div>\n\t\t\t\t<\/div>\n\t\t\t\t<\/div>\n\t\t<div class=\"elementor-element elementor-element-0fb713e e-con-full e-flex e-con e-child\" data-id=\"0fb713e\" data-element_type=\"container\" data-e-type=\"container\" data-settings=\"{&quot;background_background&quot;:&quot;classic&quot;}\">\n\t\t\t\t<\/div>\n\t\t\t\t\t<\/div>\n\t\t\t\t<\/div>\n\t\t\t\t<\/div>\n\t\t","protected":false},"excerpt":{"rendered":"<p>BRAND NEW STORE COMING SOON A lorem in hend rerit nam a et cursus eu conse ctetur adipiscing vesti bulum<\/p>\n","protected":false},"author":1,"featured_media":0,"parent":0,"menu_order":0,"comment_status":"closed","ping_status":"closed","template":"maintenance.php","meta":{"footnotes":""},"class_list":["post-8856","page","type-page","status-publish","hentry"],"yoast_head":"<!-- This site is optimized with the Yoast SEO plugin v27.1.1 - https:\/\/yoast.com\/product\/yoast-seo-wordpress\/ -->\n<title>Maintenance - Kolejna witryna oparta na WordPressie<\/title>\n<meta name=\"robots\" content=\"index, follow, max-snippet:-1, max-image-preview:large, max-video-preview:-1\" \/>\n<link rel=\"canonical\" href=\"https:\/\/szkolenia.suur.pl\/index.php\/maintenance\/\" \/>\n<meta property=\"og:locale\" content=\"pl_PL\" \/>\n<meta property=\"og:type\" content=\"article\" \/>\n<meta property=\"og:title\" content=\"Maintenance - Kolejna witryna oparta na WordPressie\" \/>\n<meta property=\"og:description\" content=\"BRAND NEW STORE COMING SOON A lorem in hend rerit nam a et cursus eu conse ctetur adipiscing vesti bulum\" \/>\n<meta property=\"og:url\" content=\"https:\/\/szkolenia.suur.pl\/index.php\/maintenance\/\" \/>\n<meta property=\"og:site_name\" content=\"Kolejna witryna oparta na WordPressie\" \/>\n<meta property=\"article:modified_time\" content=\"2025-10-22T18:44:13+00:00\" \/>\n<meta property=\"og:image\" content=\"http:\/\/szkolenia.suur.pl\/wp-content\/uploads\/2021\/09\/wd-pointer.svg\" \/>\n<meta name=\"twitter:card\" content=\"summary_large_image\" \/>\n<script type=\"application\/ld+json\" class=\"yoast-schema-graph\">{\"@context\":\"https:\/\/schema.org\",\"@graph\":[{\"@type\":\"WebPage\",\"@id\":\"https:\/\/szkolenia.suur.pl\/index.php\/maintenance\/\",\"url\":\"https:\/\/szkolenia.suur.pl\/index.php\/maintenance\/\",\"name\":\"Maintenance - Kolejna witryna oparta na WordPressie\",\"isPartOf\":{\"@id\":\"https:\/\/szkolenia.suur.pl\/#website\"},\"primaryImageOfPage\":{\"@id\":\"https:\/\/szkolenia.suur.pl\/index.php\/maintenance\/#primaryimage\"},\"image\":{\"@id\":\"https:\/\/szkolenia.suur.pl\/index.php\/maintenance\/#primaryimage\"},\"thumbnailUrl\":\"http:\/\/szkolenia.suur.pl\/wp-content\/uploads\/2021\/09\/wd-pointer.svg\",\"datePublished\":\"2021-11-04T17:32:42+00:00\",\"dateModified\":\"2025-10-22T18:44:13+00:00\",\"breadcrumb\":{\"@id\":\"https:\/\/szkolenia.suur.pl\/index.php\/maintenance\/#breadcrumb\"},\"inLanguage\":\"pl-PL\",\"potentialAction\":[{\"@type\":\"ReadAction\",\"target\":[\"https:\/\/szkolenia.suur.pl\/index.php\/maintenance\/\"]}]},{\"@type\":\"ImageObject\",\"inLanguage\":\"pl-PL\",\"@id\":\"https:\/\/szkolenia.suur.pl\/index.php\/maintenance\/#primaryimage\",\"url\":\"http:\/\/szkolenia.suur.pl\/wp-content\/uploads\/2021\/09\/wd-pointer.svg\",\"contentUrl\":\"http:\/\/szkolenia.suur.pl\/wp-content\/uploads\/2021\/09\/wd-pointer.svg\"},{\"@type\":\"BreadcrumbList\",\"@id\":\"https:\/\/szkolenia.suur.pl\/index.php\/maintenance\/#breadcrumb\",\"itemListElement\":[{\"@type\":\"ListItem\",\"position\":1,\"name\":\"Home\",\"item\":\"https:\/\/szkolenia.suur.pl\/\"},{\"@type\":\"ListItem\",\"position\":2,\"name\":\"Maintenance\"}]},{\"@type\":\"WebSite\",\"@id\":\"https:\/\/szkolenia.suur.pl\/#website\",\"url\":\"https:\/\/szkolenia.suur.pl\/\",\"name\":\"Kolejna witryna oparta na WordPressie\",\"description\":\"\",\"publisher\":{\"@id\":\"https:\/\/szkolenia.suur.pl\/#organization\"},\"potentialAction\":[{\"@type\":\"SearchAction\",\"target\":{\"@type\":\"EntryPoint\",\"urlTemplate\":\"https:\/\/szkolenia.suur.pl\/?s={search_term_string}\"},\"query-input\":{\"@type\":\"PropertyValueSpecification\",\"valueRequired\":true,\"valueName\":\"search_term_string\"}}],\"inLanguage\":\"pl-PL\"},{\"@type\":\"Organization\",\"@id\":\"https:\/\/szkolenia.suur.pl\/#organization\",\"name\":\"Kolejna witryna oparta na WordPressie\",\"url\":\"https:\/\/szkolenia.suur.pl\/\",\"logo\":{\"@type\":\"ImageObject\",\"inLanguage\":\"pl-PL\",\"@id\":\"https:\/\/szkolenia.suur.pl\/#\/schema\/logo\/image\/\",\"url\":\"https:\/\/szkolenia.suur.pl\/wp-content\/uploads\/2025\/10\/Group-3d7.png\",\"contentUrl\":\"https:\/\/szkolenia.suur.pl\/wp-content\/uploads\/2025\/10\/Group-3d7.png\",\"width\":1096,\"height\":456,\"caption\":\"Kolejna witryna oparta na WordPressie\"},\"image\":{\"@id\":\"https:\/\/szkolenia.suur.pl\/#\/schema\/logo\/image\/\"}}]}<\/script>\n<!-- \/ Yoast SEO plugin. -->","yoast_head_json":{"title":"Maintenance - Kolejna witryna oparta na WordPressie","robots":{"index":"index","follow":"follow","max-snippet":"max-snippet:-1","max-image-preview":"max-image-preview:large","max-video-preview":"max-video-preview:-1"},"canonical":"https:\/\/szkolenia.suur.pl\/index.php\/maintenance\/","og_locale":"pl_PL","og_type":"article","og_title":"Maintenance - Kolejna witryna oparta na WordPressie","og_description":"BRAND NEW STORE COMING SOON A lorem in hend rerit nam a et cursus eu conse ctetur adipiscing vesti bulum","og_url":"https:\/\/szkolenia.suur.pl\/index.php\/maintenance\/","og_site_name":"Kolejna witryna oparta na WordPressie","article_modified_time":"2025-10-22T18:44:13+00:00","og_image":[{"url":"http:\/\/szkolenia.suur.pl\/wp-content\/uploads\/2021\/09\/wd-pointer.svg","type":"","width":"","height":""}],"twitter_card":"summary_large_image","schema":{"@context":"https:\/\/schema.org","@graph":[{"@type":"WebPage","@id":"https:\/\/szkolenia.suur.pl\/index.php\/maintenance\/","url":"https:\/\/szkolenia.suur.pl\/index.php\/maintenance\/","name":"Maintenance - Kolejna witryna oparta na WordPressie","isPartOf":{"@id":"https:\/\/szkolenia.suur.pl\/#website"},"primaryImageOfPage":{"@id":"https:\/\/szkolenia.suur.pl\/index.php\/maintenance\/#primaryimage"},"image":{"@id":"https:\/\/szkolenia.suur.pl\/index.php\/maintenance\/#primaryimage"},"thumbnailUrl":"http:\/\/szkolenia.suur.pl\/wp-content\/uploads\/2021\/09\/wd-pointer.svg","datePublished":"2021-11-04T17:32:42+00:00","dateModified":"2025-10-22T18:44:13+00:00","breadcrumb":{"@id":"https:\/\/szkolenia.suur.pl\/index.php\/maintenance\/#breadcrumb"},"inLanguage":"pl-PL","potentialAction":[{"@type":"ReadAction","target":["https:\/\/szkolenia.suur.pl\/index.php\/maintenance\/"]}]},{"@type":"ImageObject","inLanguage":"pl-PL","@id":"https:\/\/szkolenia.suur.pl\/index.php\/maintenance\/#primaryimage","url":"http:\/\/szkolenia.suur.pl\/wp-content\/uploads\/2021\/09\/wd-pointer.svg","contentUrl":"http:\/\/szkolenia.suur.pl\/wp-content\/uploads\/2021\/09\/wd-pointer.svg"},{"@type":"BreadcrumbList","@id":"https:\/\/szkolenia.suur.pl\/index.php\/maintenance\/#breadcrumb","itemListElement":[{"@type":"ListItem","position":1,"name":"Home","item":"https:\/\/szkolenia.suur.pl\/"},{"@type":"ListItem","position":2,"name":"Maintenance"}]},{"@type":"WebSite","@id":"https:\/\/szkolenia.suur.pl\/#website","url":"https:\/\/szkolenia.suur.pl\/","name":"Kolejna witryna oparta na WordPressie","description":"","publisher":{"@id":"https:\/\/szkolenia.suur.pl\/#organization"},"potentialAction":[{"@type":"SearchAction","target":{"@type":"EntryPoint","urlTemplate":"https:\/\/szkolenia.suur.pl\/?s={search_term_string}"},"query-input":{"@type":"PropertyValueSpecification","valueRequired":true,"valueName":"search_term_string"}}],"inLanguage":"pl-PL"},{"@type":"Organization","@id":"https:\/\/szkolenia.suur.pl\/#organization","name":"Kolejna witryna oparta na WordPressie","url":"https:\/\/szkolenia.suur.pl\/","logo":{"@type":"ImageObject","inLanguage":"pl-PL","@id":"https:\/\/szkolenia.suur.pl\/#\/schema\/logo\/image\/","url":"https:\/\/szkolenia.suur.pl\/wp-content\/uploads\/2025\/10\/Group-3d7.png","contentUrl":"https:\/\/szkolenia.suur.pl\/wp-content\/uploads\/2025\/10\/Group-3d7.png","width":1096,"height":456,"caption":"Kolejna witryna oparta na WordPressie"},"image":{"@id":"https:\/\/szkolenia.suur.pl\/#\/schema\/logo\/image\/"}}]}},"_links":{"self":[{"href":"https:\/\/szkolenia.suur.pl\/index.php\/wp-json\/wp\/v2\/pages\/8856","targetHints":{"allow":["GET"]}}],"collection":[{"href":"https:\/\/szkolenia.suur.pl\/index.php\/wp-json\/wp\/v2\/pages"}],"about":[{"href":"https:\/\/szkolenia.suur.pl\/index.php\/wp-json\/wp\/v2\/types\/page"}],"author":[{"embeddable":true,"href":"https:\/\/szkolenia.suur.pl\/index.php\/wp-json\/wp\/v2\/users\/1"}],"replies":[{"embeddable":true,"href":"https:\/\/szkolenia.suur.pl\/index.php\/wp-json\/wp\/v2\/comments?post=8856"}],"version-history":[{"count":3,"href":"https:\/\/szkolenia.suur.pl\/index.php\/wp-json\/wp\/v2\/pages\/8856\/revisions"}],"predecessor-version":[{"id":29034,"href":"https:\/\/szkolenia.suur.pl\/index.php\/wp-json\/wp\/v2\/pages\/8856\/revisions\/29034"}],"wp:attachment":[{"href":"https:\/\/szkolenia.suur.pl\/index.php\/wp-json\/wp\/v2\/media?parent=8856"}],"curies":[{"name":"wp","href":"https:\/\/api.w.org\/{rel}","templated":true}]}}